{"id":5738,"date":"2015-05-25T13:20:42","date_gmt":"2015-05-25T11:20:42","guid":{"rendered":"http:\/\/www.rosanerosiamonoi.it\/palermocalcio\/?page_id=5738"},"modified":"2015-05-25T13:20:42","modified_gmt":"2015-05-25T11:20:42","slug":"disclaimer-copyright-privacy-policy-cookies-law","status":"publish","type":"page","link":"http:\/\/www.rosanerosiamonoi.it\/palermocalcio\/contatti\/disclaimer-copyright-privacy-policy-cookies-law\/","title":{"rendered":"Disclaimer, Copyright, Privacy Policy &#038; Cookies Law"},"content":{"rendered":"<h3 style=\"text-align: justify;\">DISCLAIMER<\/h3>\n<p style=\"text-align: justify;\">I contenuti offerti dal sito web <em>RosaneroSiamoNoi.it<\/em>\u00a0sono redatti con la massima cura e diligenza, nel rispetto dei fatti, dei luoghi delle cose e delle persone, e sottoposti ad un accurato controllo da parte della redazione.<br \/>\nTuttavia la redazione non assume responsabilit\u00e0 alcuna nei confronti degli utenti e in generale di qualsiasi terzo, per eventuali ritardi, imprecisioni, errori, omissioni, danni diretti, indiretti, conseguenti, punibili e sanzionabili, derivanti dai contenuti del sito.<br \/>\nLa linea editoriale del sito web <em>RosaneroSiamoNoi.it<\/em>\u00a0\u00e8 apolitica.<br \/>\nE&#8217; accettata e gradita ogni forma di collaborazione a titolo gratuito attraverso articoli, notizie, fotografie o qualsiasi altra tipologia di materiale, che anche se non pubblicato verr\u00e0 comunque trattenuto nell&#8217;archivio di redazione.<\/p>\n<h3 style=\"text-align: justify;\">COPYRIGHT<\/h3>\n<p style=\"text-align: justify;\">Tutti i testi e le immagini presenti sul sito web <em>RosaneroSiamoNoi.it<\/em>\u00a0sono da considerarsi propriet\u00e0 intellettuale riservata degli autori. Ogni violazione a queste semplici richieste verr\u00e0 perseguita legalmente secondo i termini della vigente legge italiana.<br \/>\nLa riproduzione, la pubblicazione e la distribuzione, totale o parziale, su qualsiasi supporto e con qualunque mezzo, del materiale originale contenuto in questo sito \u00e8 espressamente vietata in assenza di autorizzazione scritta.<\/p>\n<h3 style=\"text-align: justify;\">PRIVACY POLICY<\/h3>\n<h6 style=\"text-align: justify;\"><em><strong>Informativa sul trattamento dei dati personali ai sensi dell&#8217;articolo 13 del Decreto Legislativo n. 196\/2003<\/strong><\/em><\/h6>\n<p style=\"text-align: justify;\">1. I dati personali raccolti saranno oggetto di trattamento, ai sensi dell&#8217;articolo 4 del citato Decreto Legislativo, mediante archiviazione nel sistema informatico, per finalit\u00e0 connesse alle attivit\u00e0 del sito internet www.RosaneroSiamoNoi.it e dei Servizi offerti nonch\u00e8 per finalit\u00e0 di tipo commerciale, promozionale, e di marketing e relativi ai servizi offerti. Inoltre i dati saranno raccolti e trattati:<br \/>\n1.1 per fornire assistenza all&#8217;uso dei Servizi e, in generale, per la gestione dei Servizi del sito;<br \/>\n1.2 per inviare comunicazioni relative alle modalit\u00e0 di utilizzo dei Servizi a cui si \u00e8 registrati;<br \/>\n1.3 per inviare comunicazioni commerciali relative a nuove iniziative promosse dal sito;<br \/>\n1.4 per elaborare studi e ricerche statistiche e di mercato solo dopo analisi dei dati su base aggregata e mai individuale;<br \/>\n1.5 effettuare comunicazioni commerciali interattive.<\/p>\n<p style=\"text-align: justify;\">2. La successiva revoca del consenso al trattamento di cui al precedente comma (1) comporter\u00e0 l&#8217;annullamento della richiesta di iscrizione ai servizi o la cancellazione dell&#8217;iscrizione ai Servizi del sito.<\/p>\n<p style=\"text-align: justify;\">3. Il conferimento dei dati personali \u00e8 necessario per poter usufruire di alcuni servizi forniti dal sito. L&#8217;iscrizione \u00e8 gratuita ma \u00e8 condizionata all&#8217;ottenimento dei dati e all&#8217;accettazione delle condizioni generali di contratto. Il sito si riserva il diritto di annullare l&#8217;iscrizione e di interrompere la fornitura dei Servizi nel caso in cui i dati ottenuti si rivelino essere non veritieri.<\/p>\n<p style=\"text-align: justify;\">4. I dati personali che saranno forniti potranno essere comunicati esclusivamente a enti pubblici o privati per l&#8217;adempimento di obblighi previsti dalla legge.<\/p>\n<p style=\"text-align: justify;\">5. L&#8217;art. 7 del D. Lgs. 196\/2003 le attribuisce alcuni diritti in relazione al trattamento dei suoi dati personali tra i quali:<br \/>\n5.1 il diritto di ottenere la conferma dell&#8217;esistenza di dati personali che la riguardano;<br \/>\n5.2 il diritto di ottenere l&#8217;aggiornamento, la rettificazione ovvero l&#8217;integrazione dei dati nonch\u00e9 la loro cancellazione, trasformazione in forma anonima ovvero il loro blocco qualora trattati in violazione della legge;<br \/>\n5.3 il diritto di opporsi al trattamento, pur conforme alle finalit\u00e0 sopra indicate, solo per motivi legittimi;<br \/>\n5.4 il diritto di opporsi al trattamento dei dati a fini di invio di materiale pubblicitario o per il compimento di ricerche di mercato o di comunicazioni commerciali.<\/p>\n<p style=\"text-align: justify;\">6. Titolare del trattamento dei dati \u00e8 ai sensi del D. Lgs. n. 196\/2003 il Responsabile dell&#8217;area Marketing.<\/p>\n<p style=\"text-align: justify;\">Per ogni comunicazione pu\u00f2 scrivere via e-mail a <em>RosaneroSiamoNoi@alice.it<\/em><\/p>\n<h3 style=\"text-align: justify;\"><\/h3>\n<h3 style=\"text-align: justify;\">COOKIES<\/h3>\n<h6 style=\"text-align: justify;\"><strong><em>Informativa in merito alla Cookies Law del 8 maggio 2014, n. 214 in vigore dal 2 giugno 2015<\/em><\/strong><\/h6>\n<p style=\"text-align: justify;\">Il sito web <em>RosaneroSiamoNoi.it<\/em>\u00a0funziona in modo ottimale se i cookies sono abilitati. Puoi comunque decidere di non consentire l\u2019impostazione dei cookies sul tuo computer; per farlo accedi alle &#8220;Preferenze&#8221; del tuo browser.<\/p>\n<p style=\"text-align: justify;\">Se disattivi i cookies, potresti disabilitare alcune funzionalit\u00e0 del sito. Anche con tutti i cookies disabilitati, il tuo browser continuer\u00e0 a memorizzare una piccola quantit\u00e0 di informazioni, necessarie per le funzionalit\u00e0 di base del sito.<\/p>\n<p><em><strong>COSA SONO I COOKIES<\/strong><\/em><\/p>\n<p>I cookies sono una sorta di &#8220;promemoria&#8221;, brevi righe di testo contenenti informazioni che vengono salvate sul computer di un utente dal proprio browser (es. Chrome, Firefox, Safari o Internet Explorer) quando richiama un determinato sito web.<br \/>\nGrazie ai cookies il server invia informazioni che verranno rilette e aggiornate ogni volta che l\u2019utente torner\u00e0 sul quel sito. In questo modo il sito web potr\u00e0 adattarsi automaticamente all\u2019utente migliorandone l\u2019esperienza di navigazione.<\/p>\n<p><strong><em>A COSA SERVONO I COOKIES<\/em><\/strong><\/p>\n<p>I cookies sono principalmente utilizzati per migliorare l\u2019esperienza di navigazione dell\u2019utente all\u2019interno del sito e fornire al gestore del sito informazioni sulla navigazione degli utenti anche per ottenere dati statistici sull\u2019uso del sito e migliorarne la navigazione.<br \/>\nI cookies possono anche veicolare messaggi pubblicitari.<\/p>\n<p><strong><em>QUALI COOKIES VENGONO UTILIZZATI<\/em><\/strong><\/p>\n<p>Prevalentemente cookies di terze parti per la gestione delle interazioni con i canali social network (Facebook, Twitter, Google+, ecc.), per le statistiche di accesso (Analitycs) e per la gestione degli spazi pubblicitari (Adsense, Zanox, Tradedoubler)<\/p>\n<p><span style=\"text-decoration: underline;\">COOKIES STRETTAMENTE NECESSARI<\/span><br \/>\nDetti anche cookies &#8220;tecnici&#8221;, sono fondamentali per navigare all\u2019interno del sito utilizzando tutte le sue funzionalit\u00e0, come ad esempio l\u2019accesso alle aree riservate. Questi cookies non raccolgono informazioni da utilizzare per fini commerciali.<br \/>\nIn questa categoria possono essere inclusi i banner per l&#8217;utilizzo dei social network<\/p>\n<p><span style=\"text-decoration: underline;\">COOKIES DI PRESTAZIONE<\/span><br \/>\nRaccolgono e analizzano le informazioni sull\u2019uso del sito da parte dei visitatori (pagine visitate, numero di accessi, tempo di permanenza nel sito, ecc.) per fornire all\u2019utente una migliore esperienza di navigazione. Questi cookies non raccolgono informazioni che possano identificare in qualche modo l\u2019utente.<\/p>\n<p><span style=\"text-decoration: underline;\">COOKIES DI FUNZIONALIT\u00c0<\/span><br \/>\nPermettono al sito di ricordare le scelte effettuate dall\u2019utente e personalizzare il sito migliorandone i contenuti. Le informazioni raccolte da questo tipo di cookies sono in forma anonima.<\/p>\n<p><span style=\"text-decoration: underline;\">COOKIES PUBBLICITARI<\/span><br \/>\nPermettono di tracciare un profilo degli utenti raccogliendo informazioni sui loro gusti, per poi inviare contenuti personalizzati (ADS, banner promozionali e\/o offerte dedicate).<\/p>\n","protected":false},"excerpt":{"rendered":"<p>DISCLAIMER I contenuti offerti dal sito web RosaneroSiamoNoi.it\u00a0sono redatti con la massima cura e diligenza, nel rispetto dei fatti, dei luoghi delle cose e delle persone, e sottoposti ad un accurato controllo da parte della redazione. Tuttavia la redazione non assume responsabilit\u00e0 alcuna nei confronti degli utenti e in generale di qualsiasi terzo, per eventuali [&hellip;]<\/p>\n","protected":false},"author":1,"featured_media":0,"parent":57,"menu_order":0,"comment_status":"closed","ping_status":"open","template":"","meta":[],"_links":{"self":[{"href":"http:\/\/www.rosanerosiamonoi.it\/palermocalcio\/wp-json\/wp\/v2\/pages\/5738"}],"collection":[{"href":"http:\/\/www.rosanerosiamonoi.it\/palermocalcio\/wp-json\/wp\/v2\/pages"}],"about":[{"href":"http:\/\/www.rosanerosiamonoi.it\/palermocalcio\/wp-json\/wp\/v2\/types\/page"}],"author":[{"embeddable":true,"href":"http:\/\/www.rosanerosiamonoi.it\/palermocalcio\/wp-json\/wp\/v2\/users\/1"}],"replies":[{"embeddable":true,"href":"http:\/\/www.rosanerosiamonoi.it\/palermocalcio\/wp-json\/wp\/v2\/comments?post=5738"}],"version-history":[{"count":3,"href":"http:\/\/www.rosanerosiamonoi.it\/palermocalcio\/wp-json\/wp\/v2\/pages\/5738\/revisions"}],"predecessor-version":[{"id":5741,"href":"http:\/\/www.rosanerosiamonoi.it\/palermocalcio\/wp-json\/wp\/v2\/pages\/5738\/revisions\/5741"}],"up":[{"embeddable":true,"href":"http:\/\/www.rosanerosiamonoi.it\/palermocalcio\/wp-json\/wp\/v2\/pages\/57"}],"wp:attachment":[{"href":"http:\/\/www.rosanerosiamonoi.it\/palermocalcio\/wp-json\/wp\/v2\/media?parent=5738"}],"curies":[{"name":"wp","href":"https:\/\/api.w.org\/{rel}","templated":true}]}}